{"id":352,"date":"2021-04-15T14:09:39","date_gmt":"2021-04-15T14:09:39","guid":{"rendered":"https:\/\/hmmh.pl\/?page_id=352"},"modified":"2022-04-12T09:58:35","modified_gmt":"2022-04-12T09:58:35","slug":"polityka-prywatnosci-i-cookies","status":"publish","type":"page","link":"https:\/\/hmmh.pl\/pl\/polityka-prywatnosci-i-cookies\/","title":{"rendered":"Polityka prywatno\u015bci i Cookies"},"content":{"rendered":"\n<p>W zwi\u0105zku z przepisami dotycz\u0105cymi polityki prywatno\u015bci, z dnia 23.04.2021, informujemy, i\u017c nasza strona korzysta z plik\u00f3w Cookies. Ka\u017cdy u\u017cytkownik odwiedzaj\u0105cy nasz serwis wyra\u017ca zgod\u0119 na u\u017cywanie cookies i mo\u017ce indywidualnie okre\u015bli\u0107 warunki przechowywania lub dost\u0119pu do cookies w swojej przegl\u0105darce.<\/p>\n\n\n\n<h3 class=\"wp-block-heading\">Polityka Prywatno\u015bci firmy<\/h3>\n\n\n\n<p>hmmh Poland Sp. z o.o. przywi\u0105zuje du\u017c\u0105 wag\u0119 do poszanowania prywatno\u015bci u\u017cytkownik\u00f3w odwiedzaj\u0105cych serwisy w domenie hmmh.pl . Niniejsza Polityka Ochrony Prywatno\u015bci okre\u015bla zasady przetwarzania i ochrony danych osobowych przekazanych przez u\u017cytkownik\u00f3w, z racji korzystania z serwis\u00f3w internetowych domeny hmmh.pl . Gromadzone przez nas dane s\u0142u\u017c\u0105 wy\u0142\u0105cznie do cel\u00f3w administracyjnych i nie s\u0105 przekazywane osobom trzecim. Pliki Cookies nie s\u0105 przez nas wykorzystywane w celach kontaktu z u\u017cytkownikiem za po\u015brednictwem adresu e-mail, poczty, czy te\u017c telefonu. U\u017cywamy ciasteczek w celu poprawy dzia\u0142ania witryny, a tak\u017ce monitorowania aktywno\u015bci odwiedzaj\u0105cych.<\/p>\n\n\n\n<h3 class=\"wp-block-heading\">Administrator danych osobowych serwisu<\/h3>\n\n\n\n<p>Administrator danych osobowych, jest osob\u0105 odpowiedzialn\u0105 za zapewnienie bezpiecze\u0144stwa Twoim danym osobowym, gromadzonym na witrynach serwisu hmmh.pl . Dane administratora:<\/p>\n\n\n\n<p>hmmh Poland Sp. z o.o. (uwcze\u015bnie Bia\u0142onoga \u0141ukasz \u2018LIKE\u2019) z siedzib\u0105 we Wroc\u0142awiu, ul. Michalczyka 5 p. II \/hmmh Poland, kod pocztowy: 53-633 Wroc\u0142aw, KRS: 0000879523 przetrzymywany przez S\u0105d Rejonowy Wroc\u0142aw-Fabryczna, XI Wydzia\u0142 Gospodarczy Krajowego Rejestru S\u0105dowego, NIP 8971888096<\/p>\n\n\n\n<h3 class=\"wp-block-heading\">Ochrona danych osobowych<\/h3>\n\n\n\n<p>Informacje zebrane w plikach cookies przechowywane s\u0105 przez czas nieokre\u015blony i s\u0142u\u017c\u0105 jako materia\u0142 pomocniczy administrowania systemem. Udost\u0119pniane s\u0105 one wy\u0142\u0105cznie osobom upowa\u017cnionym do administrowania serwisem. Dane zawarte w plikach cookies mog\u0105 s\u0142u\u017cy\u0107 do generowania statystyk pomocnych w administrowaniu, jednak generowane statystyki nie zawieraj\u0105 \u017cadnych danych identyfikuj\u0105cych osoby odwiedzaj\u0105ce serwis. Firma hmmh Poland Sp. z o.o. nie odpowiada za zawarto\u015b\u0107 plik\u00f3w cookies, wysy\u0142anych przez inne strony www, do kt\u00f3rych odno\u015bniki umieszczone zosta\u0142y na stronach serwisu.<\/p>\n\n\n\n<p>Rodzaje zbieranych danych osobowych<\/p>\n\n\n\n<ul class=\"wp-block-list\"><li>Podczas rejestracji \u2013 podczas rejestracji na naszym serwisie prosimy odwiedzaj\u0105cego o podanie swoich danych osobowych oraz danych o innym charakterze. Rejestracja i przetwarzanie danych osobowych jest dobrowolne. Po rejestracji istnieje mo\u017cliwo\u015b\u0107 wgl\u0105du do umieszczonych przez siebie informacji, poprawiania ich i usuwania.<\/li><li>Automatyczne \u2013 s\u0105 to dane kt\u00f3re nie pozwalaj\u0105 jednoznacznie zidentyfikowa\u0107 u\u017cytkownika, takie jak adres IP, typ systemu operacyjnego czy typ przegl\u0105darki i s\u0142u\u017c\u0105 one do mierzenia ruchu u\u017cytkownik\u00f3w na stronie (za pomoc\u0105 kodu Google Analytics).<\/li><li>Podczas kontaktu z nami \u2013 Kontaktuj\u0105c si\u0119 z nami poprzez formularz kontaktowy umieszczony na naszej stronie, nie s\u0105 pobierane \u017cadne pliki cookies.<\/li><\/ul>\n\n\n\n<h3 class=\"wp-block-heading\" id=\"cookies\">Pliki Cookies<\/h3>\n\n\n\n<p>Pliki cookies s\u0105 to tak zwane internetowe ciasteczka, czyli male\u0144kie informacje, zapisywane przez serwer na dysku Twojego komputera, w postaci ma\u0142ej wielko\u015bci plik\u00f3w tekstowych.<\/p>\n\n\n\n<p>Wykorzystanie plik\u00f3w cookies na stronach internetowych hmmh.pl<\/p>\n\n\n\n<ul class=\"wp-block-list\"><li>Pliki umo\u017cliwiaj\u0105ce korzystanie z serwisu<\/li><li>uwierzytelniaj\u0105ce pliki cookies wykorzystywane do us\u0142ug wymagaj\u0105cych uwierzytelniania w ramach serwisu<\/li><li>pliki cookies wykorzystywane do wykrywania nadu\u017cy\u0107 w zakresie uwierzytelniania w ramach serwisu<\/li><li>wydajno\u015bciowe pliki cookies, umo\u017cliwiaj\u0105ce zbieranie informacji o sposobie korzystania z serwisu<\/li><li>wtyczki wygenerowane przez serwis spo\u0142eczno\u015bciowy Facebook.com (w\u0142a\u015bcicielem  jest Facebook Inc 1601 S. California Ave, Palo Alto, CA 94304, USA), kt\u00f3re umo\u017cliwiaj\u0105 bezpo\u015brednie po\u0142\u0105czenie pomi\u0119dzy przegl\u0105dark\u0105, a serwerami Facebook<\/li><li>funkcjonalne pliki cookies, umo\u017cliwiaj\u0105ce zapami\u0119tanie wybranych przez u\u017cytkownika ustawie\u0144<\/li><li>pliki cookies w Google Analytics (wi\u0119cej informacji na ten temat mo\u017cna znale\u017a\u0107 na stronie: http:\/\/www.google.pl\/intl\/pl\/analytics\/privacyoverview.html)<\/li><li>zapami\u0119tywanie braku zgody na wy\u015bwietlanie niekt\u00f3rych tre\u015bci w przysz\u0142o\u015bci<\/li><\/ul>\n\n\n\n<h3 class=\"wp-block-heading\">Jak wy\u0142\u0105czy\u0107 obs\u0142ug\u0119 Cookies:<\/h3>\n\n\n\n<p>Informacje o czynno\u015bciach, jakie nale\u017cy wykona\u0107, aby zmieni\u0107 ustawienia dotycz\u0105ce plik\u00f3w Cookies, w danej przegl\u0105darce, znajduj\u0105 si\u0119 w odno\u015bnikach do oficjalnych stron internetowych producent\u00f3w najpopularniejszych przegl\u0105darek internetowych:<\/p>\n\n\n\n<p>MS Internet Explorer 9:<br><a href=\"http:\/\/windows.microsoft.com\/pl-pl\/windows7\/how-to-manage-cookies-in-internet-explorer-9\" target=\"_blank\" rel=\"noreferrer noopener\">http:\/\/windows.microsoft.com\/pl-pl\/windows7\/how-to-manage-cookies-in-internet-explorer-9<\/a><\/p>\n\n\n\n<p>Mozilla Firefox<br><a href=\"http:\/\/support.mozilla.org\/pl\/kb\/ciasteczka\" target=\"_blank\" rel=\"noreferrer noopener\">http:\/\/support.mozilla.org\/pl\/kb\/ciasteczka<\/a><\/p>\n\n\n\n<p>Google Chrome<br><a href=\"http:\/\/support.google.com\/chrome\/bin\/answer.py?hl=pl&amp;answer=95647\" target=\"_blank\" rel=\"noreferrer noopener\">http:\/\/support.google.com\/chrome\/bin\/answer.py?hl=pl&amp;answer=95647<\/a><\/p>\n\n\n\n<p>Opera 8.0<br><a href=\"http:\/\/help.opera.com\/Windows\/8.0\/pl\/cookies.html\" target=\"_blank\" rel=\"noreferrer noopener\">http:\/\/help.opera.com\/Windows\/8.0\/pl\/cookies.html<\/a><\/p>\n\n\n\n<h3 class=\"wp-block-heading\">Kontakt<\/h3>\n\n\n\n<p>Administrator hmmh.pl  skontaktuje si\u0119 z Tob\u0105, korzystaj\u0105c z podanego przez Ciebie adresu e-mail, oraz podany przez Ciebie numer telefonu. W przypadku ch\u0119ci usuni\u0119cia Twoich danych osobowych, kt\u00f3rych nie mo\u017cesz usun\u0105\u0107 samodzielnie, prosimy o kontakt pod numerem telefonu: 507767873 lub wiadomo\u015b\u0107 e-mail na adres: info@like.agency W przypadku innych pyta\u0144 i w\u0105tpliwo\u015bci zwi\u0105zanych z now\u0105 polityk\u0105 bezpiecze\u0144stwa i prywatno\u015bci Twoich danych osobowych, prosimy o kontakt pod numerem telefonu: 507767873. Mo\u017cna tak\u017ce korespondowa\u0107 z nami pod adresem:<\/p>\n\n\n\n<p>hmmh Poland sp. z o.o z siedzib\u0105 we Wroc\u0142awiu, ul. Michalczyka 5 p. II, 59-633 Wroc\u0142aw, KRS: 0000879523 przetrzymywany przez S\u0105d Rejonowy Wroc\u0142aw-Fabryczna, XI Wydzia\u0142 Gospodarczy Krajowego Rejestru S\u0105dowego,  NIP 8971888096<\/p>\n\n\n\n<p><em>Version 1.1 (Wroc\u0142aw, dnia 15 Czerwca, 2021)<\/em><\/p>\n","protected":false},"excerpt":{"rendered":"<p>W zwi\u0105zku z przepisami dotycz\u0105cymi polityki prywatno\u015bci, z dnia 23.04.2021, informujemy, i\u017c nasza strona korzysta<\/p>\n","protected":false},"author":1,"featured_media":0,"parent":0,"menu_order":0,"comment_status":"closed","ping_status":"open","template":"","meta":{"_acf_changed":false,"inline_featured_image":false,"footnotes":""},"class_list":["post-352","page","type-page","status-publish","hentry"],"acf":[],"yoast_head":"<!-- This site is optimized with the Yoast SEO plugin v27.1.1 - https:\/\/yoast.com\/product\/yoast-seo-wordpress\/ -->\n<title>Polityka prywatno\u015bci i Cookies - Software house for E-commerce and Web development - Hmmh Poland<\/title>\n<meta name=\"robots\" content=\"index, follow, max-snippet:-1, max-image-preview:large, max-video-preview:-1\" \/>\n<link rel=\"canonical\" href=\"https:\/\/hmmh.pl\/pl\/polityka-prywatnosci-i-cookies\/\" \/>\n<meta property=\"og:locale\" content=\"pl_PL\" \/>\n<meta property=\"og:type\" content=\"article\" \/>\n<meta property=\"og:title\" content=\"Polityka prywatno\u015bci i Cookies - Software house for E-commerce and Web development - Hmmh Poland\" \/>\n<meta property=\"og:description\" content=\"W zwi\u0105zku z przepisami dotycz\u0105cymi polityki prywatno\u015bci, z dnia 23.04.2021, informujemy, i\u017c nasza strona korzysta\" \/>\n<meta property=\"og:url\" content=\"https:\/\/hmmh.pl\/pl\/polityka-prywatnosci-i-cookies\/\" \/>\n<meta property=\"og:site_name\" content=\"Software house for E-commerce and Web development - Hmmh Poland\" \/>\n<meta property=\"article:modified_time\" content=\"2022-04-12T09:58:35+00:00\" \/>\n<meta name=\"twitter:card\" content=\"summary_large_image\" \/>\n<meta name=\"twitter:label1\" content=\"Szacowany czas czytania\" \/>\n\t<meta name=\"twitter:data1\" content=\"3 minutes\" \/>\n<!-- \/ Yoast SEO plugin. -->","yoast_head_json":{"title":"Polityka prywatno\u015bci i Cookies - Software house for E-commerce and Web development - Hmmh Poland","robots":{"index":"index","follow":"follow","max-snippet":"max-snippet:-1","max-image-preview":"max-image-preview:large","max-video-preview":"max-video-preview:-1"},"canonical":"https:\/\/hmmh.pl\/pl\/polityka-prywatnosci-i-cookies\/","og_locale":"pl_PL","og_type":"article","og_title":"Polityka prywatno\u015bci i Cookies - Software house for E-commerce and Web development - Hmmh Poland","og_description":"W zwi\u0105zku z przepisami dotycz\u0105cymi polityki prywatno\u015bci, z dnia 23.04.2021, informujemy, i\u017c nasza strona korzysta","og_url":"https:\/\/hmmh.pl\/pl\/polityka-prywatnosci-i-cookies\/","og_site_name":"Software house for E-commerce and Web development - Hmmh Poland","article_modified_time":"2022-04-12T09:58:35+00:00","twitter_card":"summary_large_image","twitter_misc":{"Szacowany czas czytania":"3 minutes"},"schema":{"@context":"https:\/\/schema.org","@graph":[{"@type":"WebPage","@id":"https:\/\/hmmh.pl\/pl\/polityka-prywatnosci-i-cookies\/","url":"https:\/\/hmmh.pl\/pl\/polityka-prywatnosci-i-cookies\/","name":"Polityka prywatno\u015bci i Cookies - Software house for E-commerce and Web development - Hmmh Poland","isPartOf":{"@id":"https:\/\/hmmh.pl\/#website"},"datePublished":"2021-04-15T14:09:39+00:00","dateModified":"2022-04-12T09:58:35+00:00","breadcrumb":{"@id":"https:\/\/hmmh.pl\/pl\/polityka-prywatnosci-i-cookies\/#breadcrumb"},"inLanguage":"pl-PL","potentialAction":[{"@type":"ReadAction","target":["https:\/\/hmmh.pl\/pl\/polityka-prywatnosci-i-cookies\/"]}]},{"@type":"BreadcrumbList","@id":"https:\/\/hmmh.pl\/pl\/polityka-prywatnosci-i-cookies\/#breadcrumb","itemListElement":[{"@type":"ListItem","position":1,"name":"Home","item":"https:\/\/hmmh.pl\/pl\/"},{"@type":"ListItem","position":2,"name":"Polityka prywatno\u015bci i Cookies"}]},{"@type":"WebSite","@id":"https:\/\/hmmh.pl\/#website","url":"https:\/\/hmmh.pl\/","name":"Software house for E-commerce and Web development - Hmmh Poland","description":"","potentialAction":[{"@type":"SearchAction","target":{"@type":"EntryPoint","urlTemplate":"https:\/\/hmmh.pl\/?s={search_term_string}"},"query-input":{"@type":"PropertyValueSpecification","valueRequired":true,"valueName":"search_term_string"}}],"inLanguage":"pl-PL"}]}},"_links":{"self":[{"href":"https:\/\/hmmh.pl\/pl\/wp-json\/wp\/v2\/pages\/352","targetHints":{"allow":["GET"]}}],"collection":[{"href":"https:\/\/hmmh.pl\/pl\/wp-json\/wp\/v2\/pages"}],"about":[{"href":"https:\/\/hmmh.pl\/pl\/wp-json\/wp\/v2\/types\/page"}],"author":[{"embeddable":true,"href":"https:\/\/hmmh.pl\/pl\/wp-json\/wp\/v2\/users\/1"}],"replies":[{"embeddable":true,"href":"https:\/\/hmmh.pl\/pl\/wp-json\/wp\/v2\/comments?post=352"}],"version-history":[{"count":8,"href":"https:\/\/hmmh.pl\/pl\/wp-json\/wp\/v2\/pages\/352\/revisions"}],"predecessor-version":[{"id":1575,"href":"https:\/\/hmmh.pl\/pl\/wp-json\/wp\/v2\/pages\/352\/revisions\/1575"}],"wp:attachment":[{"href":"https:\/\/hmmh.pl\/pl\/wp-json\/wp\/v2\/media?parent=352"}],"curies":[{"name":"wp","href":"https:\/\/api.w.org\/{rel}","templated":true}]}}