{"id":402,"date":"2021-04-21T15:11:05","date_gmt":"2021-04-21T15:11:05","guid":{"rendered":"https:\/\/hmmh.pl\/?page_id=402"},"modified":"2026-01-20T13:44:05","modified_gmt":"2026-01-20T13:44:05","slug":"o-nas","status":"publish","type":"page","link":"https:\/\/hmmh.pl\/pl\/o-nas\/","title":{"rendered":"O nas"},"content":{"rendered":"\t\t<style>\n\t\t\t[data_bg=\"678\"]{\n\t\t\t\tbackground-image: linear-gradient(rgba(61, 149, 208, 0.88), rgba(61, 149, 208, 0.88)), url(\"https:\/\/hmmh.pl\/app\/uploads\/2021\/09\/webdesign-eccommerce-team-15-1920x620-1-1.jpg\");\n\t\t\t}\n\t\t<\/style>\n\t\n<div class=\"about-us-hero\">\n\t<div class=\"grid-x grid-padding-x\">\n\t\t<div class=\"cell medium-10 medium-offset-1 xlarge-8 xlarge-offset-2 about-us__padding\">\n\t\t\t<div class=\"about-us-hero__wrap\">\t\n\t\t\t\t\t\t\t\t\t<h1 class=\"about-us-hero__title\">Agencja e-commerce i development. <\/h1>\n\t\t\t\t\t\t\t\t\t\t\t<div class=\"about-us-hero__text\">W hmmh Poland \u0142\u0105czymy strategiczne doradztwo z twardym e-commerce developmentem. Nie wierzymy w sztywne podzia\u0142y na &#8220;IT&#8221; i &#8220;biznes&#8221;. Dla nas to jeden organizm. Jeste\u015bmy zespo\u0142em, kt\u00f3ry \u0142\u0105czy in\u017cyniersk\u0105 precyzj\u0119 z obsesj\u0105 na punkcie sprzeda\u017cy. <br><br>Nie jeste\u015bmy tu tylko po to, \u017ceby &#8220;dowie\u017a\u0107 projekt&#8221;. Jako Tw\u00f3j partner technologiczny, dbamy o to, \u017ceby Tw\u00f3j sklep zarabia\u0142. Niewa\u017cne, czy potrzebujesz wdro\u017cenia Shopware 6, migracji na Shopify Plus, czy ratunku dla obecnego systemu. Wchodzimy, diagnozujemy problem i dostarczamy rozwi\u0105zanie, kt\u00f3re ma broni\u0107 si\u0119 wynikami w Excelu.<\/div>\n\t\t\t\t\t\t\t\t\t\t\t<a href=\"https:\/\/hmmh.pl\/pl\/kontakt\/\"\n\t\t\t\t\t\ttitle=\"POROZMAWIAJMY O WSP\u00d3\u0141PRACY\"\n\t\t\t\t\t\ttarget=\"\"\n\t\t\t\t\t\tclass=\"hollow button secondary about-us-hero__cta\">\n\t\t\t\t\t\tPOROZMAWIAJMY O WSP\u00d3\u0141PRACY\t\t\t\t\t<\/a>\n\t\t\t\t\t\t\t\t\t\t<div class=\"clutch-widget\" data-url=\"https:\/\/widget.clutch.co\" data-widget-type=\"2\" data-height=\"45\" data-nofollow=\"true\" data-expandifr=\"true\" data-scale=\"100\" data-clutchcompany-id=\"130506\"><\/div>\n\t\t\t\t\t\t\t\t<\/div>\n\t\t<\/div>\n\t<\/div>\n<\/div> \n\n\n\n\t<div class=\"about-us-textimage\">\n\t\t<div class=\"grid-x grid-padding-x about-us-textimage-layout--textleft\">\n\t\t\t<div class=\"cell small-12 medium-6 xlarge-6 about-us-textimage__cell  xlarge-offset-1 \">\n\t\t\t\t\t\t\t\t\t\t<img class=\"about-us-textimage__image\"\n\t\t\t\t\t\tsrc=\"https:\/\/hmmh.pl\/app\/uploads\/2022\/02\/IMG_3188-1v.jpg\"\n\t\t\t\t\t\talt=\"\"\n\t\t\t\t\t\tsrcset=\"https:\/\/hmmh.pl\/app\/uploads\/2022\/02\/IMG_3188-1v-708x462.jpg 708w, https:\/\/hmmh.pl\/app\/uploads\/2022\/02\/IMG_3188-1v-380x248.jpg 380w\"\n                   \t\tsizes=\"(max-width: 375px) 380px, 708px\">\n\t\t\t\t\t\t\t\t\t<\/div>\n\t\t\t<div class=\"cell small-12 medium-6 xlarge-4 xlarge-offset-1\">\n\t\t\t\t<div class=\"about-us-textimage__text-wrap\">\n\t\t\t\t\t\t\t\t\t\t<h2 class=\"about-us-textimage__headline\">Software House z Polski, standardy z Europy.<\/h2>\n\t\t\t\t\t\t\t\t\t\t\t\t\t\t\t\t<p class=\"about-us-textimage__content\">Jeste\u015bmy cz\u0119\u015bci\u0105 <strong>hmmh<\/strong> oraz <strong>Grupy Serviceplan<\/strong> \u2013 lider\u00f3w rynku w Europie. To daje nam zaplecze i know-how, z kt\u00f3rego korzystaj\u0105 najwi\u0119ksi. Jednak nasze serce bije tutaj. Jako <strong>software house z Polski,<\/strong> dzia\u0142amy z energi\u0105 i zwinno\u015bci\u0105, kt\u00f3rej cz\u0119sto brakuje du\u017cym korporacjom. <br><br>Co to oznacza dla Ciebie? Dost\u0119p do niemieckiej jako\u015bci in\u017cynierii i polskich zespo\u0142\u00f3w deweloperskich w jednym miejscu. \u0141\u0105czymy rynki PL i DACH, oferuj\u0105c <strong>development e-commerce<\/strong> na najwy\u017cszym poziomie, ale bez zb\u0119dnej biurokracji.\r\n<\/p>\n\t\t\t\t\t\t\t\t\t\t<\/div>\n\t\t\t<\/div>\n\t\t<\/div>\n\t<\/div>\n\t\n\n\n    <div class=\"grid-x grid-padding-x\">\n        <div class=\"cell small-12 xlarge-8 xlarge-offset-2\">\n                <div class=\"about-us-quote\">\t\n        <div class=\"grid-x grid-padding-x\">\n            <div class=\"cell small-2 medium-1 about-us-quote__col-left\">\n                <img decoding=\"async\" \n                    class=\"about-us-quote__icon\" \n                    src=\"https:\/\/hmmh.pl\/app\/themes\/like-theme\/assets\/images\/icons\/quote.svg\"\n                    alt=\"quote\"\n                    >\n            <\/div>\n            <div class=\"cell small-10 medium-11 about-us-quote__col-right\">\n                <div class=\"about-us-quote__wrap\">\n                                            <div class=\"about-us-quote__headline\">\u0141\u0105cz\u0119 do\u015bwiadczenie z ka\u017cdej warstwy e-commerce, aby zamienia\u0107 technologie i strategie w realne zyski &#8211; od pierwszej lini kodu po wynik w P&#038;L. W hmmh Poland specjalizujemy si\u0119 w sytuacjach, gdzie sklep utkn\u0105\u0142. Pomagamy firmom wyj\u015b\u0107 z technologicznej pu\u0142apki i wr\u00f3ci\u0107 na \u015bcie\u017ck\u0119 wzrostu.<\/div>\n                                                <div class=\"about-us-quote__author-name\">\u0141ukasz Bia\u0142onoga<\/div>\n                                                <div class=\"about-us-quote__position\">CEO, hmmh Poland<\/div>\n                                    <\/div>\n            <\/div>\n        <\/div>\n    <\/div>\n        <\/div>\n    <\/div>\n\n\n\n\n\t<div class=\"about-us-textimage\">\n\t\t<div class=\"grid-x grid-padding-x about-us-textimage-layout--textleft\">\n\t\t\t<div class=\"cell small-12 medium-6 xlarge-6 about-us-textimage__cell  xlarge-offset-1 \">\n\t\t\t\t\t\t\t\t\t\t<img class=\"about-us-textimage__image\"\n\t\t\t\t\t\tsrc=\"https:\/\/hmmh.pl\/app\/uploads\/2026\/01\/Technologies-1.jpg\"\n\t\t\t\t\t\talt=\"\"\n\t\t\t\t\t\tsrcset=\"https:\/\/hmmh.pl\/app\/uploads\/2026\/01\/Technologies-1-708x462.jpg 708w, https:\/\/hmmh.pl\/app\/uploads\/2026\/01\/Technologies-1-380x248.jpg 380w\"\n                   \t\tsizes=\"(max-width: 375px) 380px, 708px\">\n\t\t\t\t\t\t\t\t\t<\/div>\n\t\t\t<div class=\"cell small-12 medium-6 xlarge-4 xlarge-offset-1\">\n\t\t\t\t<div class=\"about-us-textimage__text-wrap\">\n\t\t\t\t\t\t\t\t\t\t<h2 class=\"about-us-textimage__headline\">Connected Commerce: Integracje API i sp\u00f3jny ekosystem.<\/h2>\n\t\t\t\t\t\t\t\t\t\t\t\t\t\t\t\t<p class=\"about-us-textimage__content\">Wsp\u00f3\u0142czesny e-commerce to system naczy\u0144 po\u0142\u0105czonych \u2013 to w\u0142a\u015bnie nazywamy <strong>Connected Commerce.<\/strong> Wiemy, \u017ce Tw\u00f3j sklep nie dzia\u0142a w pr\u00f3\u017cni. Dlatego specjalizujemy si\u0119 w \u0142\u0105czeniu kropek. Realizujemy zaawansowane <strong>integracje API,<\/strong> kt\u00f3re stabilnie spinaj\u0105 sprzeda\u017c z systemami ERP, PIM czy marketing automation. <br><br>Je\u015bli gotowe rozwi\u0105zania to za ma\u0142o, tworzymy dedykowane <strong>wtyczki<\/strong> i rozszerzenia, kt\u00f3re dopasowuj\u0105 platform\u0119 do Twoich unikalnych proces\u00f3w. Czy to naprawa b\u0142\u0119d\u00f3w, czy budowa nowych most\u00f3w mi\u0119dzy systemami \u2013 dbamy o to, by dane przep\u0142ywa\u0142y p\u0142ynnie, a technologia nap\u0119dza\u0142a biznes.\r\n<\/p>\n\t\t\t\t\t\t\t\t\t\t<\/div>\n\t\t\t<\/div>\n\t\t<\/div>\n\t<\/div>\n\t\n\t<div class=\"about-us-textimage\">\n\t\t<div class=\"grid-x grid-padding-x about-us-textimage-layout--textright\">\n\t\t\t<div class=\"cell small-12 medium-6 xlarge-6 about-us-textimage__cell   \">\n\t\t\t\t\t\t\t\t\t\t<img class=\"about-us-textimage__image\"\n\t\t\t\t\t\tsrc=\"https:\/\/hmmh.pl\/app\/uploads\/2022\/02\/IMG_3347.jpg\"\n\t\t\t\t\t\talt=\"\"\n\t\t\t\t\t\tsrcset=\"https:\/\/hmmh.pl\/app\/uploads\/2022\/02\/IMG_3347-708x462.jpg 708w, https:\/\/hmmh.pl\/app\/uploads\/2022\/02\/IMG_3347-380x248.jpg 380w\"\n                   \t\tsizes=\"(max-width: 375px) 380px, 708px\">\n\t\t\t\t\t\t\t\t\t<\/div>\n\t\t\t<div class=\"cell small-12 medium-6 xlarge-4 xlarge-offset-1\">\n\t\t\t\t<div class=\"about-us-textimage__text-wrap\">\n\t\t\t\t\t\t\t\t\t\t<h2 class=\"about-us-textimage__headline\">Shopware 6, Shopify Plus i Architektura Headless.<\/h2>\n\t\t\t\t\t\t\t\t\t\t\t\t\t\t\t\t<p class=\"about-us-textimage__content\">Nie jeste\u015bmy przywi\u0105zani do jednej platformy \u2013 jeste\u015bmy &#8220;technology agnostic&#8221;. Dobieramy technologi\u0119, kt\u00f3ra najlepiej zrealizuje Tw\u00f3j cel biznesowy. Oferujemy profesjonalne <strong>wdro\u017cenia sklep\u00f3w internetowych<\/strong> w oparciu o sprawdzone silniki. <br><br>Rekomendujemy <strong>Shopware 6<\/strong> dla z\u0142o\u017conych proces\u00f3w B2B lub <strong>Shopify Plus<\/strong> dla dynamicznego skalowania D2C. Jeste\u015bmy te\u017c ekspertami od <strong>architektury headless.<\/strong> Oddzielamy frontend od backendu, daj\u0105c Ci niesamowit\u0105 szybko\u015b\u0107 i elastyczno\u015b\u0107 w budowaniu do\u015bwiadcze\u0144 u\u017cytkownika. Ty wyznaczasz cel, my zajmujemy si\u0119 kodem.\r\n<\/p>\n\t\t\t\t\t\t\t\t\t\t<\/div>\n\t\t\t<\/div>\n\t\t<\/div>\n\t<\/div>\n\t\n\n    <div class=\"grid-x grid-padding-x\">\n        <div class=\"cell xlarge-10 xlarge-offset-1\">\n            <div class=\"logos\">\n\t\t\t\t\t\t\t                  <h2 class=\"logos__title\">Jeste\u015b w najlepszym towarzystwie<\/h2>\n\t\t\t\t\t\t\t\t                  <div class=\"logos__wrapper\" data-slick-init=\"logos-slider\">\n\t\t\t\t\t\t\t\t\t\t<div class=\"logos__item-wrap\">                          <img decoding=\"async\" class=\"logos__item-image\" src=\"https:\/\/hmmh.pl\/app\/uploads\/2026\/01\/Decathlon-logo-final-1.svg\" \n                               alt=\"\">\n\t\t\t\t\t\t\t\t\t\t\t\t<\/div><div class=\"logos__item-wrap\">                          <img decoding=\"async\" class=\"logos__item-image\" src=\"https:\/\/hmmh.pl\/app\/uploads\/2026\/01\/Drykorn-logo-final-1.svg\" \n                               alt=\"\">\n\t\t\t\t\t\t\t\t\t\t\t\t<\/div><div class=\"logos__item-wrap\">                          <img decoding=\"async\" class=\"logos__item-image\" src=\"https:\/\/hmmh.pl\/app\/uploads\/2026\/01\/Betty-Barclay-logo-final-1.svg\" \n                               alt=\"\">\n\t\t\t\t\t\t\t\t\t\t\t\t<\/div><div class=\"logos__item-wrap\">                          <img decoding=\"async\" class=\"logos__item-image\" src=\"https:\/\/hmmh.pl\/app\/uploads\/2026\/01\/Swiss-krono-logo-final-1.svg\" \n                               alt=\"\">\n\t\t\t\t\t\t\t\t\t\t\t\t<\/div><div class=\"logos__item-wrap\">                          <img decoding=\"async\" class=\"logos__item-image\" src=\"https:\/\/hmmh.pl\/app\/uploads\/2026\/01\/IEEE-logo-final-1.svg\" \n                               alt=\"\">\n\t\t\t\t\t\t\t\t\t\t\t\t<\/div>                  <\/div>\n\t\t\t\t\t\t\t\t            <\/div>\n        <\/div>\n    <\/div>\n\t","protected":false},"excerpt":{"rendered":"","protected":false},"author":1,"featured_media":796,"parent":0,"menu_order":0,"comment_status":"closed","ping_status":"closed","template":"","meta":{"_acf_changed":false,"inline_featured_image":false,"footnotes":""},"class_list":["post-402","page","type-page","status-publish","has-post-thumbnail","hentry"],"acf":[],"yoast_head":"<!-- This site is optimized with the Yoast SEO plugin v27.1.1 - https:\/\/yoast.com\/product\/yoast-seo-wordpress\/ -->\n<title>Sklepy na Shopware i Woocommerce oraz stony internetowe www na WordPress | hmmh Polska<\/title>\n<meta name=\"description\" content=\"O hmmh Polska - jeste\u015bmy programistami Shopware, front-end, koderami WordPress z siedzib\u0105 we Wroc\u0142awiu. Pomo\u017cemy Ci w projektowaniu graficznym i tworzeniu stron internetowych. Skontaktuj si\u0119 z nami!\" \/>\n<meta name=\"robots\" content=\"index, follow, max-snippet:-1, max-image-preview:large, max-video-preview:-1\" \/>\n<link rel=\"canonical\" href=\"https:\/\/hmmh.pl\/pl\/o-nas\/\" \/>\n<meta property=\"og:locale\" content=\"pl_PL\" \/>\n<meta property=\"og:type\" content=\"article\" \/>\n<meta property=\"og:title\" content=\"Sklepy na Shopware i Woocommerce oraz stony internetowe www na WordPress | hmmh Polska\" \/>\n<meta property=\"og:description\" content=\"O hmmh Polska - jeste\u015bmy programistami Shopware, front-end, koderami WordPress z siedzib\u0105 we Wroc\u0142awiu. Pomo\u017cemy Ci w projektowaniu graficznym i tworzeniu stron internetowych. Skontaktuj si\u0119 z nami!\" \/>\n<meta property=\"og:url\" content=\"https:\/\/hmmh.pl\/pl\/o-nas\/\" \/>\n<meta property=\"og:site_name\" content=\"Software house for E-commerce and Web development - Hmmh Poland\" \/>\n<meta property=\"article:modified_time\" content=\"2026-01-20T13:44:05+00:00\" \/>\n<meta property=\"og:image\" content=\"https:\/\/hmmh.pl\/app\/uploads\/2021\/10\/hmmh-featured.jpg\" \/>\n\t<meta property=\"og:image:width\" content=\"300\" \/>\n\t<meta property=\"og:image:height\" content=\"300\" \/>\n\t<meta property=\"og:image:type\" content=\"image\/jpeg\" \/>\n<meta name=\"twitter:card\" content=\"summary_large_image\" \/>\n<!-- \/ Yoast SEO plugin. -->","yoast_head_json":{"title":"Sklepy na Shopware i Woocommerce oraz stony internetowe www na WordPress | hmmh Polska","description":"O hmmh Polska - jeste\u015bmy programistami Shopware, front-end, koderami WordPress z siedzib\u0105 we Wroc\u0142awiu. Pomo\u017cemy Ci w projektowaniu graficznym i tworzeniu stron internetowych. Skontaktuj si\u0119 z nami!","robots":{"index":"index","follow":"follow","max-snippet":"max-snippet:-1","max-image-preview":"max-image-preview:large","max-video-preview":"max-video-preview:-1"},"canonical":"https:\/\/hmmh.pl\/pl\/o-nas\/","og_locale":"pl_PL","og_type":"article","og_title":"Sklepy na Shopware i Woocommerce oraz stony internetowe www na WordPress | hmmh Polska","og_description":"O hmmh Polska - jeste\u015bmy programistami Shopware, front-end, koderami WordPress z siedzib\u0105 we Wroc\u0142awiu. Pomo\u017cemy Ci w projektowaniu graficznym i tworzeniu stron internetowych. Skontaktuj si\u0119 z nami!","og_url":"https:\/\/hmmh.pl\/pl\/o-nas\/","og_site_name":"Software house for E-commerce and Web development - Hmmh Poland","article_modified_time":"2026-01-20T13:44:05+00:00","og_image":[{"width":300,"height":300,"url":"https:\/\/hmmh.pl\/app\/uploads\/2021\/10\/hmmh-featured.jpg","type":"image\/jpeg"}],"twitter_card":"summary_large_image","schema":{"@context":"https:\/\/schema.org","@graph":[{"@type":"WebPage","@id":"https:\/\/hmmh.pl\/pl\/o-nas\/","url":"https:\/\/hmmh.pl\/pl\/o-nas\/","name":"Sklepy na Shopware i Woocommerce oraz stony internetowe www na WordPress | hmmh Polska","isPartOf":{"@id":"https:\/\/hmmh.pl\/#website"},"primaryImageOfPage":{"@id":"https:\/\/hmmh.pl\/pl\/o-nas\/#primaryimage"},"image":{"@id":"https:\/\/hmmh.pl\/pl\/o-nas\/#primaryimage"},"thumbnailUrl":"https:\/\/hmmh.pl\/app\/uploads\/2021\/10\/hmmh-featured.jpg","datePublished":"2021-04-21T15:11:05+00:00","dateModified":"2026-01-20T13:44:05+00:00","description":"O hmmh Polska - jeste\u015bmy programistami Shopware, front-end, koderami WordPress z siedzib\u0105 we Wroc\u0142awiu. Pomo\u017cemy Ci w projektowaniu graficznym i tworzeniu stron internetowych. Skontaktuj si\u0119 z nami!","breadcrumb":{"@id":"https:\/\/hmmh.pl\/pl\/o-nas\/#breadcrumb"},"inLanguage":"pl-PL","potentialAction":[{"@type":"ReadAction","target":["https:\/\/hmmh.pl\/pl\/o-nas\/"]}]},{"@type":"ImageObject","inLanguage":"pl-PL","@id":"https:\/\/hmmh.pl\/pl\/o-nas\/#primaryimage","url":"https:\/\/hmmh.pl\/app\/uploads\/2021\/10\/hmmh-featured.jpg","contentUrl":"https:\/\/hmmh.pl\/app\/uploads\/2021\/10\/hmmh-featured.jpg","width":300,"height":300},{"@type":"BreadcrumbList","@id":"https:\/\/hmmh.pl\/pl\/o-nas\/#breadcrumb","itemListElement":[{"@type":"ListItem","position":1,"name":"Home","item":"https:\/\/hmmh.pl\/pl\/"},{"@type":"ListItem","position":2,"name":"O nas"}]},{"@type":"WebSite","@id":"https:\/\/hmmh.pl\/#website","url":"https:\/\/hmmh.pl\/","name":"Software house for E-commerce and Web development - Hmmh Poland","description":"","potentialAction":[{"@type":"SearchAction","target":{"@type":"EntryPoint","urlTemplate":"https:\/\/hmmh.pl\/?s={search_term_string}"},"query-input":{"@type":"PropertyValueSpecification","valueRequired":true,"valueName":"search_term_string"}}],"inLanguage":"pl-PL"}]}},"_links":{"self":[{"href":"https:\/\/hmmh.pl\/pl\/wp-json\/wp\/v2\/pages\/402","targetHints":{"allow":["GET"]}}],"collection":[{"href":"https:\/\/hmmh.pl\/pl\/wp-json\/wp\/v2\/pages"}],"about":[{"href":"https:\/\/hmmh.pl\/pl\/wp-json\/wp\/v2\/types\/page"}],"author":[{"embeddable":true,"href":"https:\/\/hmmh.pl\/pl\/wp-json\/wp\/v2\/users\/1"}],"replies":[{"embeddable":true,"href":"https:\/\/hmmh.pl\/pl\/wp-json\/wp\/v2\/comments?post=402"}],"version-history":[{"count":41,"href":"https:\/\/hmmh.pl\/pl\/wp-json\/wp\/v2\/pages\/402\/revisions"}],"predecessor-version":[{"id":6093,"href":"https:\/\/hmmh.pl\/pl\/wp-json\/wp\/v2\/pages\/402\/revisions\/6093"}],"wp:featuredmedia":[{"embeddable":true,"href":"https:\/\/hmmh.pl\/pl\/wp-json\/wp\/v2\/media\/796"}],"wp:attachment":[{"href":"https:\/\/hmmh.pl\/pl\/wp-json\/wp\/v2\/media?parent=402"}],"curies":[{"name":"wp","href":"https:\/\/api.w.org\/{rel}","templated":true}]}}