{"id":403,"date":"2021-04-21T15:11:19","date_gmt":"2021-04-21T15:11:19","guid":{"rendered":"https:\/\/hmmh.pl\/?page_id=403"},"modified":"2021-10-06T12:43:51","modified_gmt":"2021-10-06T12:43:51","slug":"kariera","status":"publish","type":"page","link":"https:\/\/hmmh.pl\/pl\/kariera\/","title":{"rendered":"Kariera"},"content":{"rendered":"\n<div class=\"grid-x grid-padding-x\">\n    <div class=\"cell small-12 medium-10 medium-offset-1 overflow-hidden\">\n        <div class=\"offers\">\n            <div class=\"offers__header\">\n                                    <h1 class=\"offers__title\">Rekrutujemy!<\/h1>\n                                    <h2 class=\"offers__subtitle\">Do\u0142\u0105cz do nas i buduj z nami przysz\u0142o\u015b\u0107 E-commerce!<\/h2>\n                            <\/div>\n            <div class=\"cell medium-12 portfolio__filter-wrap offers__categories\">\n                <div class=\"grid-x grid-padding-x\">\n                    <div class=\"cell medium-12 \">\n                        <div class=\"filters-wrap\">\n  <div class=\"hide-for-medium\">\n    <li class=\"filters__item-mobile\">Wybierz kategori\u0119<\/li>\n  <\/div>\n  <div class=\"filters-wrap-button hide-for-medium\">\n    <button type=\"button\" class=\"filters__button\" id=\"filters-button\" data-toggle=\"filtersMobile filters-button\" data-toggler=\".filters__button--close\">\n      <img decoding=\"async\" class=\"filters__mobile-img\" src=\"https:\/\/hmmh.pl\/app\/themes\/like-theme\/assets\/images\/icons\/filter-menu.svg\" alt=\"Filter menu icon\">\n    <\/button>\n  <\/div>\n  <div class=\"filters off-canvas in-canvas-for-medium\" id=\"filtersMobile\" data-off-canvas>\n    <div class=\"filters__title\">\n      <ul class=\"filters__list\">\n        <li data-id=\"filtersJob\" class=\"filters__item  filters__item--active\" data-offers-job=\"all\">Wszystkie<\/li>\n          \n      <li data-id=\"filtersJob\" class=\"filters__item\" data-offers-job=\"25\">Backend<\/li>\n              <\/ul>\n    <\/div>\n  <\/div>\n<\/div>                    <\/div>\n                <\/div>\n            <\/div>\n            <div class=\"offers__field\" data-id=\"job-offers\">\n                \n<div class=\"job-offer\">\n    <div class=\"job-offer__col\">\n        <div>\n            <h3 class=\"job-offer__title\">Junior Fullstack WordPress Developer (m\/k)<\/h3>\n                            <p class=\"job-offer__experience\">Junior<\/p>\n                    <\/div>\n            <\/div>\n    <div class=\"job-offer__col\">\n                    <div>\n            <h3 class=\"job-offer__salary\">6000 &#8211; 9000 PLN netto (B2B)<\/h3>\n                            <p class=\"job-offer__salary job-offer__salary--light\">5000 &#8211; 7500 PLN brutto (UoP)<\/p>\n                            <\/div>\n                <p class=\"job-offer__worktime\">Praca zdalna<\/p>\n    <\/div>\n    <div class=\"job-offer__col\">\n        <a href=\"https:\/\/hmmhpoland.traffit.com\/public\/an\/0e0f85407cb231c77a15508710f85ff6356e673d?source=career_page\" class=\"job-offer__button button button--arrow\" target=\"_blank\" rel=\"noopener noreferrer nofollow\">Wi\u0119cej<\/a>\n    <\/div>\n<\/div>\n<div class=\"job-offer\">\n    <div class=\"job-offer__col\">\n        <div>\n            <h3 class=\"job-offer__title\">Senior Shopify Frontend Developer (k\/m)<\/h3>\n                            <p class=\"job-offer__experience\">Senior<\/p>\n                    <\/div>\n            <\/div>\n    <div class=\"job-offer__col\">\n                    <div>\n            <h3 class=\"job-offer__salary\">14 000-18 000 PLN net (B2B)<\/h3>\n                        <\/div>\n                <p class=\"job-offer__worktime\">Praca zdalna<\/p>\n    <\/div>\n    <div class=\"job-offer__col\">\n        <a href=\"https:\/\/hmmhpoland.traffit.com\/public\/an\/ba249f43dcc7fcbeaf35addb1a39d9cb7044303d?source=career_page\" class=\"job-offer__button button button--arrow\" target=\"_blank\" rel=\"noopener noreferrer nofollow\">Wi\u0119cej<\/a>\n    <\/div>\n<\/div>\n<div class=\"job-offer\">\n    <div class=\"job-offer__col\">\n        <div>\n            <h3 class=\"job-offer__title\">PHP Developer (E-commerce) (k\/m)<\/h3>\n                            <p class=\"job-offer__experience\">Regular<\/p>\n                    <\/div>\n                        <p class=\"job-offer__category\">Backend<\/p>\n            <\/div>\n    <div class=\"job-offer__col\">\n                    <div>\n            <h3 class=\"job-offer__salary\">10000 &#8211; 16000 (B2B)<\/h3>\n                            <p class=\"job-offer__salary job-offer__salary--light\">8000 -13000 (UoP)<\/p>\n                            <\/div>\n                <p class=\"job-offer__worktime\">Praca zdalna<\/p>\n    <\/div>\n    <div class=\"job-offer__col\">\n        <a href=\"https:\/\/hmmhpoland.traffit.com\/public\/an\/2b9183101e6a47ab80f9b59c845eaeaf4565383d?source=career_page\" class=\"job-offer__button button button--arrow\" target=\"_blank\" rel=\"noopener noreferrer nofollow\">Wi\u0119cej<\/a>\n    <\/div>\n<\/div>            <\/div>\n        <\/div>\n                    <div class=\"offers__cantfind\">\n            <img decoding=\"async\" class=\"offers__cantfind--background\" src=\"https:\/\/hmmh.pl\/app\/themes\/like-theme\/src\/images\/blog_placeholder.jpg\" alt=\"\">\n            <h2 class=\"offers__cantfind-title\">Nie znalaz\u0142e\u015b og\u0142oszenia?<\/h2>\n            <p class=\"offers__cantfind-desc\">Zawsze szukamy nowych talent\u00f3w\ndo zespo\u0142u!<\/p>\n            <a href=\"https:\/\/hmmh.pl\/pl\/kontakt\/\"class=\"hollow button offers__cantfind-button\">Skontaktuj si\u0119<\/a>\n        <\/div>\n                <\/div>\n<\/div>","protected":false},"excerpt":{"rendered":"","protected":false},"author":1,"featured_media":0,"parent":0,"menu_order":0,"comment_status":"closed","ping_status":"closed","template":"","meta":{"_acf_changed":false,"inline_featured_image":false,"footnotes":""},"class_list":["post-403","page","type-page","status-publish","hentry"],"acf":[],"yoast_head":"<!-- This site is optimized with the Yoast SEO plugin v27.1.1 - https:\/\/yoast.com\/product\/yoast-seo-wordpress\/ -->\n<title>Kariera - Software house for E-commerce and Web development - Hmmh Poland<\/title>\n<meta name=\"robots\" content=\"index, follow, max-snippet:-1, max-image-preview:large, max-video-preview:-1\" \/>\n<link rel=\"canonical\" href=\"https:\/\/hmmh.pl\/pl\/kariera\/\" \/>\n<meta property=\"og:locale\" content=\"pl_PL\" \/>\n<meta property=\"og:type\" content=\"article\" \/>\n<meta property=\"og:title\" content=\"Kariera - Software house for E-commerce and Web development - Hmmh Poland\" \/>\n<meta property=\"og:url\" content=\"https:\/\/hmmh.pl\/pl\/kariera\/\" \/>\n<meta property=\"og:site_name\" content=\"Software house for E-commerce and Web development - Hmmh Poland\" \/>\n<meta property=\"article:modified_time\" content=\"2021-10-06T12:43:51+00:00\" \/>\n<meta name=\"twitter:card\" content=\"summary_large_image\" \/>\n<!-- \/ Yoast SEO plugin. -->","yoast_head_json":{"title":"Kariera - Software house for E-commerce and Web development - Hmmh Poland","robots":{"index":"index","follow":"follow","max-snippet":"max-snippet:-1","max-image-preview":"max-image-preview:large","max-video-preview":"max-video-preview:-1"},"canonical":"https:\/\/hmmh.pl\/pl\/kariera\/","og_locale":"pl_PL","og_type":"article","og_title":"Kariera - Software house for E-commerce and Web development - Hmmh Poland","og_url":"https:\/\/hmmh.pl\/pl\/kariera\/","og_site_name":"Software house for E-commerce and Web development - Hmmh Poland","article_modified_time":"2021-10-06T12:43:51+00:00","twitter_card":"summary_large_image","schema":{"@context":"https:\/\/schema.org","@graph":[{"@type":"WebPage","@id":"https:\/\/hmmh.pl\/pl\/kariera\/","url":"https:\/\/hmmh.pl\/pl\/kariera\/","name":"Kariera - Software house for E-commerce and Web development - Hmmh Poland","isPartOf":{"@id":"https:\/\/hmmh.pl\/#website"},"datePublished":"2021-04-21T15:11:19+00:00","dateModified":"2021-10-06T12:43:51+00:00","breadcrumb":{"@id":"https:\/\/hmmh.pl\/pl\/kariera\/#breadcrumb"},"inLanguage":"pl-PL","potentialAction":[{"@type":"ReadAction","target":["https:\/\/hmmh.pl\/pl\/kariera\/"]}]},{"@type":"BreadcrumbList","@id":"https:\/\/hmmh.pl\/pl\/kariera\/#breadcrumb","itemListElement":[{"@type":"ListItem","position":1,"name":"Home","item":"https:\/\/hmmh.pl\/pl\/"},{"@type":"ListItem","position":2,"name":"Kariera"}]},{"@type":"WebSite","@id":"https:\/\/hmmh.pl\/#website","url":"https:\/\/hmmh.pl\/","name":"Software house for E-commerce and Web development - Hmmh Poland","description":"","potentialAction":[{"@type":"SearchAction","target":{"@type":"EntryPoint","urlTemplate":"https:\/\/hmmh.pl\/?s={search_term_string}"},"query-input":{"@type":"PropertyValueSpecification","valueRequired":true,"valueName":"search_term_string"}}],"inLanguage":"pl-PL"}]}},"_links":{"self":[{"href":"https:\/\/hmmh.pl\/pl\/wp-json\/wp\/v2\/pages\/403","targetHints":{"allow":["GET"]}}],"collection":[{"href":"https:\/\/hmmh.pl\/pl\/wp-json\/wp\/v2\/pages"}],"about":[{"href":"https:\/\/hmmh.pl\/pl\/wp-json\/wp\/v2\/types\/page"}],"author":[{"embeddable":true,"href":"https:\/\/hmmh.pl\/pl\/wp-json\/wp\/v2\/users\/1"}],"replies":[{"embeddable":true,"href":"https:\/\/hmmh.pl\/pl\/wp-json\/wp\/v2\/comments?post=403"}],"version-history":[{"count":3,"href":"https:\/\/hmmh.pl\/pl\/wp-json\/wp\/v2\/pages\/403\/revisions"}],"predecessor-version":[{"id":830,"href":"https:\/\/hmmh.pl\/pl\/wp-json\/wp\/v2\/pages\/403\/revisions\/830"}],"wp:attachment":[{"href":"https:\/\/hmmh.pl\/pl\/wp-json\/wp\/v2\/media?parent=403"}],"curies":[{"name":"wp","href":"https:\/\/api.w.org\/{rel}","templated":true}]}}