{"id":4859,"date":"2024-07-29T10:35:52","date_gmt":"2024-07-29T10:35:52","guid":{"rendered":"https:\/\/hmmh.pl\/?page_id=4859"},"modified":"2026-02-18T16:56:58","modified_gmt":"2026-02-18T16:56:58","slug":"technologia","status":"publish","type":"page","link":"https:\/\/hmmh.pl\/pl\/technologia\/","title":{"rendered":"Technologia"},"content":{"rendered":"    <style>\n        [data_bg=\"3379\"]{\n            background-image: linear-gradient(rgba(32, 32, 32, 0.85), rgba(32, 32, 32, 0.85)), url(\"https:\/\/hmmh.pl\/app\/uploads\/2024\/05\/OverlayBackground.png\");\n        }\n    <\/style>\n\n<div class=\"contact-hero-hubspot\">\n    <div class=\"grid-x grid-padding-x contact-hero-hubspot__grid\">\n        <div class=\"cell small-12 medium-6 xlarge-5 contact-hero-hubspot__content\">\n            <div class=\"contact-hero-hubspot__content-wrap\">\t\n                                    <h1 class=\"contact-hero-hubspot__title\">Rozwi\u0105zania <br>E-commerce<\/h1>\n                                    <div class=\"contact-hero-hubspot__text\">W hmmh Poland wkraczamy w now\u0105 er\u0119 handlu cyfrowego, dostarczaj\u0105c kompleksowe rozwi\u0105zania E-commerce, kt\u00f3re wykraczaj\u0105 poza konwencjonaln\u0105 technologi\u0119. Naszym celem jest stworzenie p\u0142ynnego, bezpiecznego i anga\u017cuj\u0105cego do\u015bwiadczenia zakupowego online, kt\u00f3re uciele\u015bnia unikaln\u0105 esencj\u0119 Twojej marki.<\/div>\n                                    <div class=\"contact-hero-hubspot__leader\">\n                        <img loading=\"lazy\" decoding=\"async\" class=\"contact-hero-hubspot__leader-photo\" \n                            src=\"https:\/\/hmmh.pl\/app\/uploads\/2025\/10\/Lukasz-green-mini-png-128x128.png\" \n                            alt=\"\u0141ukasz Bia\u0142onoga\"\n                            width=\"128\" height=\"128\" >\n                        <div class=\"contact-hero-hubspot__leader-data\">\n                            <div class=\"contact-hero-hubspot__leader-name\">\u0141ukasz Bia\u0142onoga<\/div>\n                            <div class=\"contact-hero-hubspot__leader-position\">CEO of Hmmh Poland<\/div>\n                        <\/div>\n                    <\/div>\n                                <div class=\"contact-hero-hubspot__extras\">\n                                            <div \n                            class=\"clutch-widget\" \n                            data-url=\"https:\/\/widget.clutch.co\" \n                            data-widget-type=\"2\" \n                            data-height=\"45\" \n                            data-nofollow=\"true\" \n                            data-expandifr=\"true\" \n                            data-scale=\"100\" \n                            data-clutchcompany-id=\"130506\">\n                        <\/div>\n                                    <\/div>\n            <\/div>\n        <\/div>\n\n                    <div class=\"cell small-12 medium-6 xlarge-6 xlarge-offset-1 contact-hero-hubspot__form\">\n                <div class=\"contact-hero-hubspot__form-wrap contact-hero__form-wrapper\">\n                    \n<div class=\"wpcf7 no-js\" id=\"wpcf7-f558-o1\" lang=\"en-US\" dir=\"ltr\" data-wpcf7-id=\"558\">\n<div class=\"screen-reader-response\"><p role=\"status\" aria-live=\"polite\" aria-atomic=\"true\"><\/p> <ul><\/ul><\/div>\n<form action=\"\/pl\/wp-json\/wp\/v2\/pages\/4859#wpcf7-f558-o1\" method=\"post\" class=\"wpcf7-form init\" aria-label=\"Formularz kontaktowy\" novalidate=\"novalidate\" data-status=\"init\">\n<fieldset class=\"hidden-fields-container\"><input type=\"hidden\" name=\"_wpcf7\" value=\"558\" \/><input type=\"hidden\" name=\"_wpcf7_version\" value=\"6.1.5\" \/><input type=\"hidden\" name=\"_wpcf7_locale\" value=\"en_US\" \/><input type=\"hidden\" name=\"_wpcf7_unit_tag\" value=\"wpcf7-f558-o1\" \/><input type=\"hidden\" name=\"_wpcf7_container_post\" value=\"0\" \/><input type=\"hidden\" name=\"_wpcf7_posted_data_hash\" value=\"\" \/><input type=\"hidden\" name=\"_wpcf7_recaptcha_response\" value=\"\" \/>\n<\/fieldset>\n<div class=\"contact-form-row\">\n\t<span class=\"wpcf7-form-control-wrap\" data-name=\"your-name\"><input size=\"40\" maxlength=\"400\" class=\"wpcf7-form-control wpcf7-text wpcf7-validates-as-required\" aria-required=\"true\" aria-invalid=\"false\" placeholder=\"Twoje Imi\u0119*\" value=\"\" type=\"text\" name=\"your-name\" \/><\/span>\n<span class=\"wpcf7-form-control-wrap\" data-name=\"last-name\"><input size=\"40\" maxlength=\"400\" class=\"wpcf7-form-control wpcf7-text wpcf7-validates-as-required\" aria-required=\"true\" aria-invalid=\"false\" placeholder=\"Nazwisko*\" value=\"\" type=\"text\" name=\"last-name\" \/><\/span>\n\t\n<\/div>\n<div class=\"contact-form-row\">\n\t<span class=\"wpcf7-form-control-wrap\" data-name=\"your-tel\"><input size=\"40\" maxlength=\"400\" class=\"wpcf7-form-control wpcf7-tel wpcf7-text wpcf7-validates-as-tel\" aria-invalid=\"false\" placeholder=\"Numer telefonu\" value=\"\" type=\"tel\" name=\"your-tel\" \/><\/span>\n<span class=\"wpcf7-form-control-wrap\" data-name=\"your-email\"><input size=\"40\" maxlength=\"400\" class=\"wpcf7-form-control wpcf7-email wpcf7-validates-as-required wpcf7-text wpcf7-validates-as-email\" aria-required=\"true\" aria-invalid=\"false\" placeholder=\"Adres e-mail*\" value=\"\" type=\"email\" name=\"your-email\" \/><\/span>\n\t\n<\/div>\n<div class=\"contact-form-row\">\n\t<span class=\"wpcf7-form-control-wrap\" data-name=\"your-message\"><textarea cols=\"40\" rows=\"5\" maxlength=\"2000\" class=\"wpcf7-form-control wpcf7-textarea\" aria-invalid=\"false\" placeholder=\"Szczeg\u00f3\u0142y projektu\" name=\"your-message\"><\/textarea><\/span>\n\t\n<\/div>\n<div class=\"contact-hero__checkboxes\">\n\tPola oznaczone * s\u0105 obowi\u0105zkowe.\n\t\n\t<span class=\"wpcf7-form-control-wrap\" data-name=\"checkbox-503\"><span class=\"wpcf7-form-control wpcf7-checkbox wpcf7-validates-as-required\"><span class=\"wpcf7-list-item first last\"><label><input type=\"checkbox\" name=\"checkbox-503[]\" value=\"Wyra\u017cam zgod\u0119 na przetwarzanie danych osobowych, podanych w zakresie formularza kontaktowego. Dane osobowe b\u0119d\u0105 przetwarzane, w celu udzielenia odpowiedzi na przes\u0142ane zapytanie. Podanie danych jest dobrowolne, ale niezb\u0119dne do przetworzenia zapytania. Administratorem danych osobowych jest hmmh Poland Sp. z o.o. z siedzib\u0105 w Wroc\u0142aw, ul. Michalczyka 5 p. II, 53-633 Wroc\u0142aw. Szczeg\u00f3\u0142owe informacje dotycz\u0105ce przetwarzania danych osobowych znajduj\u0105 si\u0119 w Polityce Prywatno\u015bci.*\" \/><span class=\"wpcf7-list-item-label\">Wyra\u017cam zgod\u0119 na przetwarzanie danych osobowych, podanych w zakresie formularza kontaktowego. Dane osobowe b\u0119d\u0105 przetwarzane, w celu udzielenia odpowiedzi na przes\u0142ane zapytanie. Podanie danych jest dobrowolne, ale niezb\u0119dne do przetworzenia zapytania. Administratorem danych osobowych jest hmmh Poland Sp. z o.o. z siedzib\u0105 w Wroc\u0142aw, ul. Michalczyka 5 p. II, 53-633 Wroc\u0142aw. Szczeg\u00f3\u0142owe informacje dotycz\u0105ce przetwarzania danych osobowych znajduj\u0105 si\u0119 w Polityce Prywatno\u015bci.*<\/span><\/label><\/span><\/span><\/span>\n<span class=\"wpcf7-form-control-wrap\" data-name=\"checkbox-504\"><span class=\"wpcf7-form-control wpcf7-checkbox\"><span class=\"wpcf7-list-item first last\"><label><input type=\"checkbox\" name=\"checkbox-504[]\" value=\"Wyra\u017cam zgod\u0119 na przetwarzanie moich danych osobowych podanych w formularzu kontaktowym przez hmmh Poland Sp. z o.o. z siedzib\u0105 w Wroc\u0142aw w celach marketingowych. Zgod\u0119 mo\u017cna cofn\u0105\u0107 w dowolnym momencie. Pe\u0142na tre\u015b\u0107 klauzuli informacyjnej.\" \/><span class=\"wpcf7-list-item-label\">Wyra\u017cam zgod\u0119 na przetwarzanie moich danych osobowych podanych w formularzu kontaktowym przez hmmh Poland Sp. z o.o. z siedzib\u0105 w Wroc\u0142aw w celach marketingowych. Zgod\u0119 mo\u017cna cofn\u0105\u0107 w dowolnym momencie. Pe\u0142na tre\u015b\u0107 klauzuli informacyjnej.<\/span><\/label><\/span><\/span><\/span>\n<span class=\"wpcf7-form-control-wrap\" data-name=\"checkbox-505\"><span class=\"wpcf7-form-control wpcf7-checkbox\"><span class=\"wpcf7-list-item first last\"><label><input type=\"checkbox\" name=\"checkbox-505[]\" value=\"Zapisuj\u0119 si\u0119 do newslettera, przez co wyra\u017cam zgod\u0119 na otrzymywanie informacji handlowych drog\u0105 elektroniczn\u0105 na podany wy\u017cej adres e-mail. Zgod\u0119 mo\u017cna cofn\u0105\u0107 w dowolnym momencie.\" \/><span class=\"wpcf7-list-item-label\">Zapisuj\u0119 si\u0119 do newslettera, przez co wyra\u017cam zgod\u0119 na otrzymywanie informacji handlowych drog\u0105 elektroniczn\u0105 na podany wy\u017cej adres e-mail. Zgod\u0119 mo\u017cna cofn\u0105\u0107 w dowolnym momencie.<\/span><\/label><\/span><\/span><\/span>\n\t<input class=\"wpcf7-form-control wpcf7-hidden\" value=\"no_consent\" type=\"hidden\" name=\"marketing-consent\" \/>\n\t\n<\/div>\n<input class=\"wpcf7-form-control wpcf7-hidden\" id=\"form-event_category\" value=\"\" type=\"hidden\" name=\"form_event_category\" \/>\n<div class=\"contact-form-row\">\n\t<div class=\"contact-hero__innerbutton\">\n\t\t<input class=\"wpcf7-form-control wpcf7-submit has-spinner\" type=\"submit\" value=\"Wy\u015blij \u2192\" \/>\n\t\t\n\t<\/div>\n<\/div><div class=\"wpcf7-response-output\" aria-hidden=\"true\"><\/div>\n<\/form>\n<\/div>\n                <\/div>\n            <\/div>\n            <\/div>\n<\/div> \n\n\n\n<div class=\"wp-block-columns are-vertically-aligned-center is-layout-flex wp-container-core-columns-is-layout-9d6595d7 wp-block-columns-is-layout-flex\">\n<div class=\"wp-block-column is-vertically-aligned-center is-layout-flow wp-block-column-is-layout-flow\">\n<h2 class=\"wp-block-heading\">Rozwi\u0105zania E-commerce<\/h2>\n\n\n\n<p>W hmmh Poland nasze <a href=\"https:\/\/hmmh.pl\/pl\/technologia\/rozwiazania-e-commerce\/\"><b><strong>us\u0142ugi E-commerce<\/strong><\/b><\/a> maj\u0105 na celu przekszta\u0142cenie Twojego biznesu w dobrze prosperuj\u0105cy sklep internetowy. Wykorzystuj\u0105c nasze do\u015bwiadczenie i wiedz\u0119 techniczn\u0105, oferujemy kompleksowe rozwi\u0105zania, kt\u00f3re obejmuj\u0105 ka\u017cdy aspekt rozwoju i optymalizacji sklep\u00f3w. Specjalizujemy si\u0119 w wielu platformach, w tym <a href=\"https:\/\/hmmh.pl\/pl\/technologia\/rozwiazania-e-commerce\/shopware\/\"><b><strong>Shopware<\/strong><\/b><\/a>, <a href=\"https:\/\/hmmh.pl\/pl\/technologia\/rozwiazania-e-commerce\/shopify\/\"><b><strong>Shopify<\/strong><\/b><\/a>, <a href=\"https:\/\/hmmh.pl\/pl\/technologia\/rozwiazania-e-commerce\/woocommerce\/\"><b><strong>WooCommerce<\/strong><\/b><\/a>, <a href=\"https:\/\/hmmh.pl\/pl\/technologia\/rozwiazania-e-commerce\/alokai-vue-storefront\/\"><b><strong>Alokai<\/strong><\/b><\/a> i innych, zapewniaj\u0105c rozwi\u0105zania dostosowane do Twoich potrzeb i cel\u00f3w.<\/p>\n<\/div>\n\n\n\n<div class=\"wp-block-column is-vertically-aligned-center is-layout-flow wp-block-column-is-layout-flow\"><div class=\"wp-block-image\">\n<figure class=\"aligncenter size-full\"><img loading=\"lazy\" decoding=\"async\" width=\"550\" height=\"462\" src=\"https:\/\/hmmh.pl\/app\/uploads\/2024\/10\/E-commerce_solutions-new.jpg\" alt=\"\" class=\"wp-image-4802\" srcset=\"https:\/\/hmmh.pl\/app\/uploads\/2024\/10\/E-commerce_solutions-new.jpg 550w, https:\/\/hmmh.pl\/app\/uploads\/2024\/10\/E-commerce_solutions-new-300x252.jpg 300w, https:\/\/hmmh.pl\/app\/uploads\/2024\/10\/E-commerce_solutions-new-438x368.jpg 438w, https:\/\/hmmh.pl\/app\/uploads\/2024\/10\/E-commerce_solutions-new-170x143.jpg 170w, https:\/\/hmmh.pl\/app\/uploads\/2024\/10\/E-commerce_solutions-new-128x108.jpg 128w\" sizes=\"auto, (max-width: 550px) 100vw, 550px\" \/><\/figure>\n<\/div><\/div>\n<\/div>\n\n\n\n<div class=\"wp-block-columns are-vertically-aligned-center is-layout-flex wp-container-core-columns-is-layout-9d6595d7 wp-block-columns-is-layout-flex\">\n<div class=\"wp-block-column is-vertically-aligned-center is-layout-flow wp-block-column-is-layout-flow\"><div class=\"wp-block-image\">\n<figure class=\"alignleft size-full\"><img loading=\"lazy\" decoding=\"async\" width=\"550\" height=\"462\" src=\"https:\/\/hmmh.pl\/app\/uploads\/2024\/10\/CMS_solutions.png\" alt=\"\" class=\"wp-image-4804\" srcset=\"https:\/\/hmmh.pl\/app\/uploads\/2024\/10\/CMS_solutions.png 550w, https:\/\/hmmh.pl\/app\/uploads\/2024\/10\/CMS_solutions-300x252.png 300w, https:\/\/hmmh.pl\/app\/uploads\/2024\/10\/CMS_solutions-438x368.png 438w, https:\/\/hmmh.pl\/app\/uploads\/2024\/10\/CMS_solutions-170x143.png 170w, https:\/\/hmmh.pl\/app\/uploads\/2024\/10\/CMS_solutions-128x108.png 128w\" sizes=\"auto, (max-width: 550px) 100vw, 550px\" \/><\/figure>\n<\/div><\/div>\n\n\n\n<div class=\"wp-block-column is-vertically-aligned-center is-layout-flow wp-block-column-is-layout-flow\">\n<h2 class=\"wp-block-heading\">Rozwi\u0105zania CMS<\/h2>\n\n\n\n<p>Nasze <a href=\"https:\/\/hmmh.pl\/pl\/technologia\/rozwiazania-cms\/\"><b><strong>rozwi\u0105zania CMS (Content Management System)<\/strong><\/b><\/a> zosta\u0142y zaprojektowane tak, aby zapewni\u0107 Twojej firmie solidne, skalowalne i przyjazne dla u\u017cytkownika platformy. Specjalizujemy si\u0119 w tworzeniu i optymalizacji stron internetowych opartych na CMS, kt\u00f3re spe\u0142niaj\u0105 unikalne wymagania i pomagaj\u0105 osi\u0105gn\u0105\u0107 cele cyfrowe. Nasz zesp\u00f3\u0142 specjalizuje si\u0119 w technologiach takich jak <a href=\"https:\/\/hmmh.pl\/pl\/technologia\/rozwiazania-cms\/wordpress\/\"><b><strong>WordPress<\/strong><\/b><\/a>, <a href=\"https:\/\/hmmh.pl\/pl\/technologia\/rozwiazania-cms\/storyblok\/\"><b><strong>Storyblok<\/strong><\/b><\/a> i <a href=\"https:\/\/hmmh.pl\/pl\/technologia\/rozwiazania-cms\/contentful\/\"><b><strong>Contentful<\/strong><\/b><\/a>.<\/p>\n<\/div>\n<\/div>\n\n\n\n<div style=\"height:100px\" aria-hidden=\"true\" class=\"wp-block-spacer\"><\/div>\n\n\n<div class=\"person-cta\">\n    <div class=\"grid-container\">\n        <div class=\"grid-x grid-padding-x\">\n            <div class=\"cell\">\n                <div class=\"person-cta__container\">\n                    <div class=\"person-cta__content\">\n                        <h2 class=\"person-cta__content-title\">Porozmawiajmy o twoim projekcie!<\/h2>\n                        <h3 class=\"person-cta__content-subtitle\">Zadzwo\u0144 do nas<a class=\"person-cta__content-link\" href=\"tel:507767873\"><img decoding=\"async\" class=\"person-cta__content-icon\" src=\"https:\/\/hmmh.pl\/app\/themes\/like-theme\/assets\/images\/icons\/phone_icon_white.svg\">507767873<\/a> lub <a class=\"person-cta__content-link\" href=\"https:\/\/hmmh.pl\/pl\/kariera\/\">id\u017a do formularza kontaktowego<\/a><\/h3>\n                        <a class=\"button hollow white\" href=\"https:\/\/hmmh.pl\/pl\/kariera\/\">Skontaktuj si\u0119<\/a>\n                    <\/div>\n                    <div class=\"person-cta__right\">\n                        <div class=\"person-cta__person-content\">\n                            <img decoding=\"async\" src=\"https:\/\/hmmh.pl\/app\/uploads\/2025\/09\/Lukasz-green-150x150.jpg\" class=\"person-cta__image\" alt=\"\">\n                            <p class=\"person-cta__content-text\">\u0141ukasz skontaktuje si\u0119<\/br>z Tob\u0105<\/p>\n                        <\/div>\n                        <div class=\"person-cta__person-content--right\">\n                            <h3 class=\"person-cta__person-name\">\n                                \u0141ukasz Bia\u0142onoga                                <\/h1>\n                                <h4 class=\"person-cta__person-subtitle\">\n                                    NEW BUSINESS                                <\/h4>\n                        <\/div>\n                    <\/div>\n                <\/div>\n            <\/div>\n        <\/div>\n    <\/div>\n<\/div>\n\n\n<p><\/p>\n","protected":false},"excerpt":{"rendered":"<p>Rozwi\u0105zania E-commerce W hmmh Poland nasze us\u0142ugi E-commerce maj\u0105 na celu przekszta\u0142cenie Twojego biznesu w<\/p>\n","protected":false},"author":1,"featured_media":0,"parent":0,"menu_order":0,"comment_status":"closed","ping_status":"closed","template":"","meta":{"_acf_changed":false,"inline_featured_image":false,"footnotes":""},"class_list":["post-4859","page","type-page","status-publish","hentry"],"acf":[],"yoast_head":"<!-- This site is optimized with the Yoast SEO plugin v27.1.1 - https:\/\/yoast.com\/product\/yoast-seo-wordpress\/ -->\n<title>Technologia - Software house for E-commerce and Web development - Hmmh Poland<\/title>\n<meta name=\"description\" content=\"Poznaj technologie, z kt\u00f3rych korzystamy w hmmh Poland. Oferujemy innowacyjne tworzenie stron internetowych, rozwi\u0105zania E-commerce i CMS oraz wsparcie.\" \/>\n<meta name=\"robots\" content=\"index, follow, max-snippet:-1, max-image-preview:large, max-video-preview:-1\" \/>\n<link rel=\"canonical\" href=\"https:\/\/hmmh.pl\/pl\/technologia\/\" \/>\n<meta property=\"og:locale\" content=\"pl_PL\" \/>\n<meta property=\"og:type\" content=\"article\" \/>\n<meta property=\"og:title\" content=\"Technologia - Software house for E-commerce and Web development - Hmmh Poland\" \/>\n<meta property=\"og:description\" content=\"Poznaj technologie, z kt\u00f3rych korzystamy w hmmh Poland. Oferujemy innowacyjne tworzenie stron internetowych, rozwi\u0105zania E-commerce i CMS oraz wsparcie.\" \/>\n<meta property=\"og:url\" content=\"https:\/\/hmmh.pl\/pl\/technologia\/\" \/>\n<meta property=\"og:site_name\" content=\"Software house for E-commerce and Web development - Hmmh Poland\" \/>\n<meta property=\"article:modified_time\" content=\"2026-02-18T16:56:58+00:00\" \/>\n<meta property=\"og:image\" content=\"https:\/\/hmmh.pl\/app\/uploads\/2024\/10\/E-commerce_solutions-new.jpg\" \/>\n<meta name=\"twitter:card\" content=\"summary_large_image\" \/>\n<meta name=\"twitter:label1\" content=\"Szacowany czas czytania\" \/>\n\t<meta name=\"twitter:data1\" content=\"1 minute\" \/>\n<!-- \/ Yoast SEO plugin. -->","yoast_head_json":{"title":"Technologia - Software house for E-commerce and Web development - Hmmh Poland","description":"Poznaj technologie, z kt\u00f3rych korzystamy w hmmh Poland. Oferujemy innowacyjne tworzenie stron internetowych, rozwi\u0105zania E-commerce i CMS oraz wsparcie.","robots":{"index":"index","follow":"follow","max-snippet":"max-snippet:-1","max-image-preview":"max-image-preview:large","max-video-preview":"max-video-preview:-1"},"canonical":"https:\/\/hmmh.pl\/pl\/technologia\/","og_locale":"pl_PL","og_type":"article","og_title":"Technologia - Software house for E-commerce and Web development - Hmmh Poland","og_description":"Poznaj technologie, z kt\u00f3rych korzystamy w hmmh Poland. Oferujemy innowacyjne tworzenie stron internetowych, rozwi\u0105zania E-commerce i CMS oraz wsparcie.","og_url":"https:\/\/hmmh.pl\/pl\/technologia\/","og_site_name":"Software house for E-commerce and Web development - Hmmh Poland","article_modified_time":"2026-02-18T16:56:58+00:00","og_image":[{"url":"https:\/\/hmmh.pl\/app\/uploads\/2024\/10\/E-commerce_solutions-new.jpg","type":"","width":"","height":""}],"twitter_card":"summary_large_image","twitter_misc":{"Szacowany czas czytania":"1 minute"},"schema":{"@context":"https:\/\/schema.org","@graph":[{"@type":"WebPage","@id":"https:\/\/hmmh.pl\/pl\/technologia\/","url":"https:\/\/hmmh.pl\/pl\/technologia\/","name":"Technologia - Software house for E-commerce and Web development - Hmmh Poland","isPartOf":{"@id":"https:\/\/hmmh.pl\/#website"},"primaryImageOfPage":{"@id":"https:\/\/hmmh.pl\/pl\/technologia\/#primaryimage"},"image":{"@id":"https:\/\/hmmh.pl\/pl\/technologia\/#primaryimage"},"thumbnailUrl":"https:\/\/hmmh.pl\/app\/uploads\/2024\/10\/E-commerce_solutions-new.jpg","datePublished":"2024-07-29T10:35:52+00:00","dateModified":"2026-02-18T16:56:58+00:00","description":"Poznaj technologie, z kt\u00f3rych korzystamy w hmmh Poland. Oferujemy innowacyjne tworzenie stron internetowych, rozwi\u0105zania E-commerce i CMS oraz wsparcie.","breadcrumb":{"@id":"https:\/\/hmmh.pl\/pl\/technologia\/#breadcrumb"},"inLanguage":"pl-PL","potentialAction":[{"@type":"ReadAction","target":["https:\/\/hmmh.pl\/pl\/technologia\/"]}]},{"@type":"ImageObject","inLanguage":"pl-PL","@id":"https:\/\/hmmh.pl\/pl\/technologia\/#primaryimage","url":"https:\/\/hmmh.pl\/app\/uploads\/2024\/10\/E-commerce_solutions-new.jpg","contentUrl":"https:\/\/hmmh.pl\/app\/uploads\/2024\/10\/E-commerce_solutions-new.jpg"},{"@type":"BreadcrumbList","@id":"https:\/\/hmmh.pl\/pl\/technologia\/#breadcrumb","itemListElement":[{"@type":"ListItem","position":1,"name":"Home","item":"https:\/\/hmmh.pl\/pl\/"},{"@type":"ListItem","position":2,"name":"Technologia"}]},{"@type":"WebSite","@id":"https:\/\/hmmh.pl\/#website","url":"https:\/\/hmmh.pl\/","name":"Software house for E-commerce and Web development - Hmmh Poland","description":"","potentialAction":[{"@type":"SearchAction","target":{"@type":"EntryPoint","urlTemplate":"https:\/\/hmmh.pl\/?s={search_term_string}"},"query-input":{"@type":"PropertyValueSpecification","valueRequired":true,"valueName":"search_term_string"}}],"inLanguage":"pl-PL"}]}},"_links":{"self":[{"href":"https:\/\/hmmh.pl\/pl\/wp-json\/wp\/v2\/pages\/4859","targetHints":{"allow":["GET"]}}],"collection":[{"href":"https:\/\/hmmh.pl\/pl\/wp-json\/wp\/v2\/pages"}],"about":[{"href":"https:\/\/hmmh.pl\/pl\/wp-json\/wp\/v2\/types\/page"}],"author":[{"embeddable":true,"href":"https:\/\/hmmh.pl\/pl\/wp-json\/wp\/v2\/users\/1"}],"replies":[{"embeddable":true,"href":"https:\/\/hmmh.pl\/pl\/wp-json\/wp\/v2\/comments?post=4859"}],"version-history":[{"count":29,"href":"https:\/\/hmmh.pl\/pl\/wp-json\/wp\/v2\/pages\/4859\/revisions"}],"predecessor-version":[{"id":6177,"href":"https:\/\/hmmh.pl\/pl\/wp-json\/wp\/v2\/pages\/4859\/revisions\/6177"}],"wp:attachment":[{"href":"https:\/\/hmmh.pl\/pl\/wp-json\/wp\/v2\/media?parent=4859"}],"curies":[{"name":"wp","href":"https:\/\/api.w.org\/{rel}","templated":true}]}}