{"id":4908,"date":"2024-07-29T11:20:24","date_gmt":"2024-07-29T11:20:24","guid":{"rendered":"https:\/\/hmmh.pl\/?page_id=4908"},"modified":"2024-11-27T13:52:26","modified_gmt":"2024-11-27T13:52:26","slug":"rozwiazania-cms","status":"publish","type":"page","link":"https:\/\/hmmh.pl\/pl\/technologia\/rozwiazania-cms\/","title":{"rendered":"Rozwi\u0105zania CMS"},"content":{"rendered":"    <style>\n        [data_bg=\"3379\"]{\n            background-image: linear-gradient(rgba(32, 32, 32, 0.85), rgba(32, 32, 32, 0.85)), url(\"https:\/\/hmmh.pl\/app\/uploads\/2024\/05\/OverlayBackground.png\");\n        }\n    <\/style>\n\n<div class=\"contact-hero-hubspot\">\n    <div class=\"grid-x grid-padding-x contact-hero-hubspot__grid\">\n        <div class=\"cell small-12 medium-6 xlarge-5 contact-hero-hubspot__content\">\n            <div class=\"contact-hero-hubspot__content-wrap\">\t\n                                    <h1 class=\"contact-hero-hubspot__title\">Rozwi\u0105zania CMS<\/h1>\n                                    <div class=\"contact-hero-hubspot__text\">Kszta\u0142tuj i kontroluj swoj\u0105 cyfrow\u0105 obecno\u015b\u0107 dzi\u0119ki naszym rozwi\u0105zaniom CMS. Oferujemy pot\u0119\u017cne i przyjazne dla u\u017cytkownika platformy, takie jak Storyblok, Contentful i WordPress, zaprojektowane tak, aby pom\u00f3c bez wysi\u0142ku zarz\u0105dza\u0107 tre\u015bci\u0105. Nasze rozwi\u0105zania CMS zapewniaj\u0105, \u017ce przekaz jest sp\u00f3jny i rezonuje w ka\u017cdym kanale cyfrowym.<\/div>\n                                    <div class=\"contact-hero-hubspot__leader\">\n                        <img loading=\"lazy\" decoding=\"async\" class=\"contact-hero-hubspot__leader-photo\" \n                            src=\"https:\/\/hmmh.pl\/app\/uploads\/2021\/11\/Lukasz_autor-128x128.png\" \n                            alt=\"\u0141ukasz Bia\u0142onoga\"\n                            width=\"128\" height=\"128\" >\n                        <div class=\"contact-hero-hubspot__leader-data\">\n                            <div class=\"contact-hero-hubspot__leader-name\">\u0141ukasz Bia\u0142onoga<\/div>\n                            <div class=\"contact-hero-hubspot__leader-position\">CEO of Hmmh Poland<\/div>\n                        <\/div>\n                    <\/div>\n                                <div class=\"contact-hero-hubspot__extras\">\n                                            <div \n                            class=\"clutch-widget\" \n                            data-url=\"https:\/\/widget.clutch.co\" \n                            data-widget-type=\"2\" \n                            data-height=\"45\" \n                            data-nofollow=\"true\" \n                            data-expandifr=\"true\" \n                            data-scale=\"100\" \n                            data-clutchcompany-id=\"130506\">\n                        <\/div>\n                                    <\/div>\n            <\/div>\n        <\/div>\n\n                    <div class=\"cell small-12 medium-6 xlarge-6 xlarge-offset-1 contact-hero-hubspot__form\">\n                <div class=\"contact-hero-hubspot__form-wrap contact-hero__form-wrapper\">\n                    \n<div class=\"wpcf7 no-js\" id=\"wpcf7-f558-o1\" lang=\"en-US\" dir=\"ltr\" data-wpcf7-id=\"558\">\n<div class=\"screen-reader-response\"><p role=\"status\" aria-live=\"polite\" aria-atomic=\"true\"><\/p> <ul><\/ul><\/div>\n<form action=\"\/pl\/wp-json\/wp\/v2\/pages\/4908#wpcf7-f558-o1\" method=\"post\" class=\"wpcf7-form init\" aria-label=\"Formularz kontaktowy\" novalidate=\"novalidate\" data-status=\"init\">\n<fieldset class=\"hidden-fields-container\"><input type=\"hidden\" name=\"_wpcf7\" value=\"558\" \/><input type=\"hidden\" name=\"_wpcf7_version\" value=\"6.1.5\" \/><input type=\"hidden\" name=\"_wpcf7_locale\" value=\"en_US\" \/><input type=\"hidden\" name=\"_wpcf7_unit_tag\" value=\"wpcf7-f558-o1\" \/><input type=\"hidden\" name=\"_wpcf7_container_post\" value=\"0\" \/><input type=\"hidden\" name=\"_wpcf7_posted_data_hash\" value=\"\" \/><input type=\"hidden\" name=\"_wpcf7_recaptcha_response\" value=\"\" \/>\n<\/fieldset>\n<div class=\"contact-form-row\">\n\t<span class=\"wpcf7-form-control-wrap\" data-name=\"your-name\"><input size=\"40\" maxlength=\"400\" class=\"wpcf7-form-control wpcf7-text wpcf7-validates-as-required\" aria-required=\"true\" aria-invalid=\"false\" placeholder=\"Twoje Imi\u0119*\" value=\"\" type=\"text\" name=\"your-name\" \/><\/span>\n<span class=\"wpcf7-form-control-wrap\" data-name=\"last-name\"><input size=\"40\" maxlength=\"400\" class=\"wpcf7-form-control wpcf7-text wpcf7-validates-as-required\" aria-required=\"true\" aria-invalid=\"false\" placeholder=\"Nazwisko*\" value=\"\" type=\"text\" name=\"last-name\" \/><\/span>\n\t\n<\/div>\n<div class=\"contact-form-row\">\n\t<span class=\"wpcf7-form-control-wrap\" data-name=\"your-tel\"><input size=\"40\" maxlength=\"400\" class=\"wpcf7-form-control wpcf7-tel wpcf7-text wpcf7-validates-as-tel\" aria-invalid=\"false\" placeholder=\"Numer telefonu\" value=\"\" type=\"tel\" name=\"your-tel\" \/><\/span>\n<span class=\"wpcf7-form-control-wrap\" data-name=\"your-email\"><input size=\"40\" maxlength=\"400\" class=\"wpcf7-form-control wpcf7-email wpcf7-validates-as-required wpcf7-text wpcf7-validates-as-email\" aria-required=\"true\" aria-invalid=\"false\" placeholder=\"Adres e-mail*\" value=\"\" type=\"email\" name=\"your-email\" \/><\/span>\n\t\n<\/div>\n<div class=\"contact-form-row\">\n\t<span class=\"wpcf7-form-control-wrap\" data-name=\"your-message\"><textarea cols=\"40\" rows=\"5\" maxlength=\"2000\" class=\"wpcf7-form-control wpcf7-textarea\" aria-invalid=\"false\" placeholder=\"Szczeg\u00f3\u0142y projektu\" name=\"your-message\"><\/textarea><\/span>\n\t\n<\/div>\n<div class=\"contact-hero__checkboxes\">\n\tPola oznaczone * s\u0105 obowi\u0105zkowe.\n\t\n\t<span class=\"wpcf7-form-control-wrap\" data-name=\"checkbox-503\"><span class=\"wpcf7-form-control wpcf7-checkbox wpcf7-validates-as-required\"><span class=\"wpcf7-list-item first last\"><label><input type=\"checkbox\" name=\"checkbox-503[]\" value=\"Wyra\u017cam zgod\u0119 na przetwarzanie danych osobowych, podanych w zakresie formularza kontaktowego. Dane osobowe b\u0119d\u0105 przetwarzane, w celu udzielenia odpowiedzi na przes\u0142ane zapytanie. Podanie danych jest dobrowolne, ale niezb\u0119dne do przetworzenia zapytania. Administratorem danych osobowych jest hmmh Poland Sp. z o.o. z siedzib\u0105 w Wroc\u0142aw, ul. Michalczyka 5 p. II, 53-633 Wroc\u0142aw. Szczeg\u00f3\u0142owe informacje dotycz\u0105ce przetwarzania danych osobowych znajduj\u0105 si\u0119 w Polityce Prywatno\u015bci.*\" \/><span class=\"wpcf7-list-item-label\">Wyra\u017cam zgod\u0119 na przetwarzanie danych osobowych, podanych w zakresie formularza kontaktowego. Dane osobowe b\u0119d\u0105 przetwarzane, w celu udzielenia odpowiedzi na przes\u0142ane zapytanie. Podanie danych jest dobrowolne, ale niezb\u0119dne do przetworzenia zapytania. Administratorem danych osobowych jest hmmh Poland Sp. z o.o. z siedzib\u0105 w Wroc\u0142aw, ul. Michalczyka 5 p. II, 53-633 Wroc\u0142aw. Szczeg\u00f3\u0142owe informacje dotycz\u0105ce przetwarzania danych osobowych znajduj\u0105 si\u0119 w Polityce Prywatno\u015bci.*<\/span><\/label><\/span><\/span><\/span>\n<span class=\"wpcf7-form-control-wrap\" data-name=\"checkbox-504\"><span class=\"wpcf7-form-control wpcf7-checkbox\"><span class=\"wpcf7-list-item first last\"><label><input type=\"checkbox\" name=\"checkbox-504[]\" value=\"Wyra\u017cam zgod\u0119 na przetwarzanie moich danych osobowych podanych w formularzu kontaktowym przez hmmh Poland Sp. z o.o. z siedzib\u0105 w Wroc\u0142aw w celach marketingowych. Zgod\u0119 mo\u017cna cofn\u0105\u0107 w dowolnym momencie. Pe\u0142na tre\u015b\u0107 klauzuli informacyjnej.\" \/><span class=\"wpcf7-list-item-label\">Wyra\u017cam zgod\u0119 na przetwarzanie moich danych osobowych podanych w formularzu kontaktowym przez hmmh Poland Sp. z o.o. z siedzib\u0105 w Wroc\u0142aw w celach marketingowych. Zgod\u0119 mo\u017cna cofn\u0105\u0107 w dowolnym momencie. Pe\u0142na tre\u015b\u0107 klauzuli informacyjnej.<\/span><\/label><\/span><\/span><\/span>\n<span class=\"wpcf7-form-control-wrap\" data-name=\"checkbox-505\"><span class=\"wpcf7-form-control wpcf7-checkbox\"><span class=\"wpcf7-list-item first last\"><label><input type=\"checkbox\" name=\"checkbox-505[]\" value=\"Zapisuj\u0119 si\u0119 do newslettera, przez co wyra\u017cam zgod\u0119 na otrzymywanie informacji handlowych drog\u0105 elektroniczn\u0105 na podany wy\u017cej adres e-mail. Zgod\u0119 mo\u017cna cofn\u0105\u0107 w dowolnym momencie.\" \/><span class=\"wpcf7-list-item-label\">Zapisuj\u0119 si\u0119 do newslettera, przez co wyra\u017cam zgod\u0119 na otrzymywanie informacji handlowych drog\u0105 elektroniczn\u0105 na podany wy\u017cej adres e-mail. Zgod\u0119 mo\u017cna cofn\u0105\u0107 w dowolnym momencie.<\/span><\/label><\/span><\/span><\/span>\n\t<input class=\"wpcf7-form-control wpcf7-hidden\" value=\"no_consent\" type=\"hidden\" name=\"marketing-consent\" \/>\n\t\n<\/div>\n<input class=\"wpcf7-form-control wpcf7-hidden\" id=\"form-event_category\" value=\"\" type=\"hidden\" name=\"form_event_category\" \/>\n<div class=\"contact-form-row\">\n\t<div class=\"contact-hero__innerbutton\">\n\t\t<input class=\"wpcf7-form-control wpcf7-submit has-spinner\" type=\"submit\" value=\"Wy\u015blij \u2192\" \/>\n\t\t\n\t<\/div>\n<\/div><div class=\"wpcf7-response-output\" aria-hidden=\"true\"><\/div>\n<\/form>\n<\/div>\n                <\/div>\n            <\/div>\n            <\/div>\n<\/div> \n","protected":false},"excerpt":{"rendered":"","protected":false},"author":1,"featured_media":0,"parent":4859,"menu_order":0,"comment_status":"closed","ping_status":"closed","template":"","meta":{"_acf_changed":false,"inline_featured_image":false,"footnotes":""},"class_list":["post-4908","page","type-page","status-publish","hentry"],"acf":[],"yoast_head":"<!-- This site is optimized with the Yoast SEO plugin v27.1.1 - https:\/\/yoast.com\/product\/yoast-seo-wordpress\/ -->\n<title>Rozwi\u0105zania CMS - Software house for E-commerce and Web development - Hmmh Poland<\/title>\n<meta name=\"description\" content=\"Upro\u015b\u0107 zarz\u0105dzanie tre\u015bci\u0105 dzi\u0119ki naszym rozwi\u0105zaniom CMS. Upewnij si\u0119, \u017ce Tw\u00f3j przekaz tre\u015bci cyfrowych jest skuteczny i sp\u00f3jny na wszystkich platformach.\" \/>\n<meta name=\"robots\" content=\"index, follow, max-snippet:-1, max-image-preview:large, max-video-preview:-1\" \/>\n<link rel=\"canonical\" href=\"https:\/\/hmmh.pl\/pl\/technologia\/rozwiazania-cms\/\" \/>\n<meta property=\"og:locale\" content=\"pl_PL\" \/>\n<meta property=\"og:type\" content=\"article\" \/>\n<meta property=\"og:title\" content=\"Rozwi\u0105zania CMS - Software house for E-commerce and Web development - Hmmh Poland\" \/>\n<meta property=\"og:description\" content=\"Upro\u015b\u0107 zarz\u0105dzanie tre\u015bci\u0105 dzi\u0119ki naszym rozwi\u0105zaniom CMS. Upewnij si\u0119, \u017ce Tw\u00f3j przekaz tre\u015bci cyfrowych jest skuteczny i sp\u00f3jny na wszystkich platformach.\" \/>\n<meta property=\"og:url\" content=\"https:\/\/hmmh.pl\/pl\/technologia\/rozwiazania-cms\/\" \/>\n<meta property=\"og:site_name\" content=\"Software house for E-commerce and Web development - Hmmh Poland\" \/>\n<meta property=\"article:modified_time\" content=\"2024-11-27T13:52:26+00:00\" \/>\n<meta name=\"twitter:card\" content=\"summary_large_image\" \/>\n<!-- \/ Yoast SEO plugin. -->","yoast_head_json":{"title":"Rozwi\u0105zania CMS - Software house for E-commerce and Web development - Hmmh Poland","description":"Upro\u015b\u0107 zarz\u0105dzanie tre\u015bci\u0105 dzi\u0119ki naszym rozwi\u0105zaniom CMS. Upewnij si\u0119, \u017ce Tw\u00f3j przekaz tre\u015bci cyfrowych jest skuteczny i sp\u00f3jny na wszystkich platformach.","robots":{"index":"index","follow":"follow","max-snippet":"max-snippet:-1","max-image-preview":"max-image-preview:large","max-video-preview":"max-video-preview:-1"},"canonical":"https:\/\/hmmh.pl\/pl\/technologia\/rozwiazania-cms\/","og_locale":"pl_PL","og_type":"article","og_title":"Rozwi\u0105zania CMS - Software house for E-commerce and Web development - Hmmh Poland","og_description":"Upro\u015b\u0107 zarz\u0105dzanie tre\u015bci\u0105 dzi\u0119ki naszym rozwi\u0105zaniom CMS. Upewnij si\u0119, \u017ce Tw\u00f3j przekaz tre\u015bci cyfrowych jest skuteczny i sp\u00f3jny na wszystkich platformach.","og_url":"https:\/\/hmmh.pl\/pl\/technologia\/rozwiazania-cms\/","og_site_name":"Software house for E-commerce and Web development - Hmmh Poland","article_modified_time":"2024-11-27T13:52:26+00:00","twitter_card":"summary_large_image","schema":{"@context":"https:\/\/schema.org","@graph":[{"@type":"WebPage","@id":"https:\/\/hmmh.pl\/pl\/technologia\/rozwiazania-cms\/","url":"https:\/\/hmmh.pl\/pl\/technologia\/rozwiazania-cms\/","name":"Rozwi\u0105zania CMS - Software house for E-commerce and Web development - Hmmh Poland","isPartOf":{"@id":"https:\/\/hmmh.pl\/#website"},"datePublished":"2024-07-29T11:20:24+00:00","dateModified":"2024-11-27T13:52:26+00:00","description":"Upro\u015b\u0107 zarz\u0105dzanie tre\u015bci\u0105 dzi\u0119ki naszym rozwi\u0105zaniom CMS. Upewnij si\u0119, \u017ce Tw\u00f3j przekaz tre\u015bci cyfrowych jest skuteczny i sp\u00f3jny na wszystkich platformach.","breadcrumb":{"@id":"https:\/\/hmmh.pl\/pl\/technologia\/rozwiazania-cms\/#breadcrumb"},"inLanguage":"pl-PL","potentialAction":[{"@type":"ReadAction","target":["https:\/\/hmmh.pl\/pl\/technologia\/rozwiazania-cms\/"]}]},{"@type":"BreadcrumbList","@id":"https:\/\/hmmh.pl\/pl\/technologia\/rozwiazania-cms\/#breadcrumb","itemListElement":[{"@type":"ListItem","position":1,"name":"Home","item":"https:\/\/hmmh.pl\/pl\/"},{"@type":"ListItem","position":2,"name":"Technologia","item":"https:\/\/hmmh.pl\/pl\/technologia\/"},{"@type":"ListItem","position":3,"name":"Rozwi\u0105zania CMS"}]},{"@type":"WebSite","@id":"https:\/\/hmmh.pl\/#website","url":"https:\/\/hmmh.pl\/","name":"Software house for E-commerce and Web development - Hmmh Poland","description":"","potentialAction":[{"@type":"SearchAction","target":{"@type":"EntryPoint","urlTemplate":"https:\/\/hmmh.pl\/?s={search_term_string}"},"query-input":{"@type":"PropertyValueSpecification","valueRequired":true,"valueName":"search_term_string"}}],"inLanguage":"pl-PL"}]}},"_links":{"self":[{"href":"https:\/\/hmmh.pl\/pl\/wp-json\/wp\/v2\/pages\/4908","targetHints":{"allow":["GET"]}}],"collection":[{"href":"https:\/\/hmmh.pl\/pl\/wp-json\/wp\/v2\/pages"}],"about":[{"href":"https:\/\/hmmh.pl\/pl\/wp-json\/wp\/v2\/types\/page"}],"author":[{"embeddable":true,"href":"https:\/\/hmmh.pl\/pl\/wp-json\/wp\/v2\/users\/1"}],"replies":[{"embeddable":true,"href":"https:\/\/hmmh.pl\/pl\/wp-json\/wp\/v2\/comments?post=4908"}],"version-history":[{"count":9,"href":"https:\/\/hmmh.pl\/pl\/wp-json\/wp\/v2\/pages\/4908\/revisions"}],"predecessor-version":[{"id":5170,"href":"https:\/\/hmmh.pl\/pl\/wp-json\/wp\/v2\/pages\/4908\/revisions\/5170"}],"up":[{"embeddable":true,"href":"https:\/\/hmmh.pl\/pl\/wp-json\/wp\/v2\/pages\/4859"}],"wp:attachment":[{"href":"https:\/\/hmmh.pl\/pl\/wp-json\/wp\/v2\/media?parent=4908"}],"curies":[{"name":"wp","href":"https:\/\/api.w.org\/{rel}","templated":true}]}}